{"id":162,"date":"2010-09-15T05:33:46","date_gmt":"2010-09-15T05:33:46","guid":{"rendered":"http:\/\/elegantthemes.com\/preview\/DeepFocus\/?page_id=2"},"modified":"2014-03-22T20:49:59","modified_gmt":"2014-03-22T19:49:59","slug":"about","status":"publish","type":"page","link":"http:\/\/unoyunodos.sareleku.com\/index.php\/about\/","title":{"rendered":"Acerca de &#8230;"},"content":{"rendered":"<p>Este blog trata de un simple ejercicio relacionado con la fotograf\u00eda entre 2 fot\u00f3grafos aficionados con caminos diferentes que, cada semana publicar\u00e1n una fotograf\u00eda con o sin texto complementario.<\/p>\n<p>En un principio, las fotograf\u00edas corresponden a paseos en solitario por la ciudad donde ambos viven.<\/p>\n<p>No sabemos donde nos llevar\u00e1 este camino.<\/p>\n","protected":false},"excerpt":{"rendered":"<p>Este blog trata de un simple ejercicio relacionado con la fotograf\u00eda entre 2 fot\u00f3grafos aficionados con caminos diferentes que, cada semana publicar\u00e1n una fotograf\u00eda con o sin texto complementario. En un principio, las fotograf\u00edas corresponden a paseos en solitario por la ciudad donde ambos viven. No sabemos donde nos llevar\u00e1 este camino.<\/p>\n","protected":false},"author":1,"featured_media":0,"parent":0,"menu_order":0,"comment_status":"open","ping_status":"open","template":"","meta":{"_et_pb_use_builder":"","_et_pb_old_content":"","_et_gb_content_width":"","footnotes":""},"class_list":["post-162","page","type-page","status-publish","hentry"],"jetpack_sharing_enabled":true,"_links":{"self":[{"href":"http:\/\/unoyunodos.sareleku.com\/index.php\/wp-json\/wp\/v2\/pages\/162","targetHints":{"allow":["GET"]}}],"collection":[{"href":"http:\/\/unoyunodos.sareleku.com\/index.php\/wp-json\/wp\/v2\/pages"}],"about":[{"href":"http:\/\/unoyunodos.sareleku.com\/index.php\/wp-json\/wp\/v2\/types\/page"}],"author":[{"embeddable":true,"href":"http:\/\/unoyunodos.sareleku.com\/index.php\/wp-json\/wp\/v2\/users\/1"}],"replies":[{"embeddable":true,"href":"http:\/\/unoyunodos.sareleku.com\/index.php\/wp-json\/wp\/v2\/comments?post=162"}],"version-history":[{"count":0,"href":"http:\/\/unoyunodos.sareleku.com\/index.php\/wp-json\/wp\/v2\/pages\/162\/revisions"}],"wp:attachment":[{"href":"http:\/\/unoyunodos.sareleku.com\/index.php\/wp-json\/wp\/v2\/media?parent=162"}],"curies":[{"name":"wp","href":"https:\/\/api.w.org\/{rel}","templated":true}]}}