{"id":711,"date":"2014-03-18T09:54:35","date_gmt":"2014-03-18T08:54:35","guid":{"rendered":"http:\/\/unoyunodos.sareleku.com\/wordpress\/?page_id=711"},"modified":"2020-12-20T08:45:19","modified_gmt":"2020-12-20T07:45:19","slug":"luis-martinez-aniesa","status":"publish","type":"page","link":"http:\/\/unoyunodos.sareleku.com\/index.php\/about\/luis-martinez-aniesa\/","title":{"rendered":"Luis Mart\u00ednez Aniesa"},"content":{"rendered":"<p style=\"padding-left: 30px;\"><a href=\"http:\/\/unoyunodos.sareleku.com\/wp-content\/uploads\/2014\/03\/Foto.jpg\">\u00a0<\/a><\/p>\n<table>\n<tbody>\n<tr>\n<td style=\"width: 172px;\"><img decoding=\"async\" class=\"aligncenter size-full wp-image-2149\" src=\"http:\/\/unoyunodos.sareleku.com\/wp-content\/uploads\/Zongyihuanqiu-2015-048.jpg\" alt=\"\" width=\"1500\" height=\"2668\" srcset=\"http:\/\/unoyunodos.sareleku.com\/wp-content\/uploads\/Zongyihuanqiu-2015-048.jpg 1500w, http:\/\/unoyunodos.sareleku.com\/wp-content\/uploads\/Zongyihuanqiu-2015-048-169x300.jpg 169w, http:\/\/unoyunodos.sareleku.com\/wp-content\/uploads\/Zongyihuanqiu-2015-048-768x1366.jpg 768w, http:\/\/unoyunodos.sareleku.com\/wp-content\/uploads\/Zongyihuanqiu-2015-048-576x1024.jpg 576w\" sizes=\"(max-width: 1500px) 100vw, 1500px\" \/><\/td>\n<td style=\"width: 807px;\">\n<p style=\"text-align: justify;\">Mi nombre es <strong>Luis Mart\u00ednez Aniesa<\/strong> (natural de Nu\u00e9valos, provincia de Zaragoza, vivo en San Sebasti\u00e1n hace muchos, muchos\u00a0a\u00f1os) y soy fot\u00f3grafo aficionado desde siempre, pero hace 15 a\u00f1os, con la fotograf\u00eda digital, volv\u00ed con fuerzas renovadas tras un periodo de ausencia.<\/p>\n<p style=\"text-align: justify;\">Lucho entre la imagen \u00fanica e imperfecta de los procedimientos de laboratorio alternativos y la fotograf\u00eda digital art\u00edstica casi perfecta que se pueda presentar a un sal\u00f3n internacional, pasando por la fotograf\u00eda de calle y de viajes. Mi universo fotogr\u00e1fico es diverso y hasta contradictorio, investigando desde temas pl\u00e1sticos a la b\u00fasqueda de la representaci\u00f3n del caos y en la fotograf\u00eda misma y en el libro de fotos como objetos art\u00edsticos.<\/p>\n<p style=\"text-align: justify;\">Muchas de estas investigaciones est\u00e1n en su inicio o atascadas, y es en los concursos de fotograf\u00eda art\u00edstica donde mis esfuerzos tienen un mayor reconocimiento aunque mis obras se salgan un poco de la norma. Participo en muchos concursos, y no tengo muchos premios, pero s\u00ed muy interesantes para m\u00ed: <em>Trierember Supercircuit, Khayyam, Argizaiola (acc\u00e9sit) <\/em>en este a\u00f1o 2018.<\/p>\n<p style=\"text-align: justify;\">He sido durante casi 12 a\u00f1os, editor del blog (en espa\u00f1ol) <a href=\"http:\/\/www.cadadiaunfotografo.com\/\">http:\/\/www.cadadiaunfotografo.com<\/a> lo que me ha permitido conocer la historia y el presente de la fotograf\u00eda en sus m\u00faltiples facetas.<\/p>\n<\/td>\n<\/tr>\n<\/tbody>\n<\/table>\n<p>&nbsp;<\/p>\n","protected":false},"excerpt":{"rendered":"<p>Mi nombre es Luis Mart\u00ednez Aniesa (natural de Nu\u00e9valos, provincia de Zaragoza, vivo en San Sebasti\u00e1n hace muchos, muchos a\u00f1os) y soy fot\u00f3grafo aficionado y podr\u00edamos decir que autodidacta. Dada mi edad, mi relaci\u00f3n con la fotograf\u00eda ha sido larga y ha sufrido diversas fases (incluida una de ausencia) hasta llegar a la fotograf\u00eda digital, asociativa y concurs\u00edstica.<\/p>\n","protected":false},"author":1,"featured_media":2149,"parent":162,"menu_order":0,"comment_status":"open","ping_status":"closed","template":"","meta":{"_et_pb_use_builder":"","_et_pb_old_content":"","_et_gb_content_width":"","footnotes":""},"class_list":["post-711","page","type-page","status-publish","has-post-thumbnail","hentry"],"jetpack_sharing_enabled":true,"_links":{"self":[{"href":"http:\/\/unoyunodos.sareleku.com\/index.php\/wp-json\/wp\/v2\/pages\/711","targetHints":{"allow":["GET"]}}],"collection":[{"href":"http:\/\/unoyunodos.sareleku.com\/index.php\/wp-json\/wp\/v2\/pages"}],"about":[{"href":"http:\/\/unoyunodos.sareleku.com\/index.php\/wp-json\/wp\/v2\/types\/page"}],"author":[{"embeddable":true,"href":"http:\/\/unoyunodos.sareleku.com\/index.php\/wp-json\/wp\/v2\/users\/1"}],"replies":[{"embeddable":true,"href":"http:\/\/unoyunodos.sareleku.com\/index.php\/wp-json\/wp\/v2\/comments?post=711"}],"version-history":[{"count":4,"href":"http:\/\/unoyunodos.sareleku.com\/index.php\/wp-json\/wp\/v2\/pages\/711\/revisions"}],"predecessor-version":[{"id":2900,"href":"http:\/\/unoyunodos.sareleku.com\/index.php\/wp-json\/wp\/v2\/pages\/711\/revisions\/2900"}],"up":[{"embeddable":true,"href":"http:\/\/unoyunodos.sareleku.com\/index.php\/wp-json\/wp\/v2\/pages\/162"}],"wp:featuredmedia":[{"embeddable":true,"href":"http:\/\/unoyunodos.sareleku.com\/index.php\/wp-json\/wp\/v2\/media\/2149"}],"wp:attachment":[{"href":"http:\/\/unoyunodos.sareleku.com\/index.php\/wp-json\/wp\/v2\/media?parent=711"}],"curies":[{"name":"wp","href":"https:\/\/api.w.org\/{rel}","templated":true}]}}